{"id":30,"date":"2023-02-04T13:32:05","date_gmt":"2023-02-04T13:32:05","guid":{"rendered":"https:\/\/biohof-sonnleiten.at\/?page_id=30"},"modified":"2024-11-02T15:19:48","modified_gmt":"2024-11-02T15:19:48","slug":"gemuesekiste","status":"publish","type":"page","link":"https:\/\/biohof-sonnleiten.at\/?page_id=30","title":{"rendered":"Gem\u00fcsekiste"},"content":{"rendered":"\n<p class=\"has-text-align-center has-black-color has-text-color has-link-color wp-elements-bbe20427406ad849ae5f98fdfc4e0e9b\">Wir bieten unsere Gem\u00fcsekisten von Anfang Mai bis Anfang Dezember an. <br>Die Kisten werden von uns zusammengestellt und beinhalten immer zwischen 7 und 10 verschiedene Gem\u00fcsesorten. Rein kommt was gerade Saison hat. <br>Dienstag mittags werden die Kisten von uns ausgeliefert und zwar an 4 Abholorte:<br><br><strong>Gresten &#8211; Ybbsitz &#8211; Gaming &#8211; Scheibbs <\/strong><br><br>m\u00f6gliche Abholorte w\u00e4ren bei Bedarf auch Waidhofen oder Purgstall.<\/p>\n\n\n\n<p class=\"has-text-align-center has-black-color has-text-color has-link-color wp-elements-d8b6ebf88a8f8aa96599873c295e1d08\">Es gibt die M\u00f6glichkeit die Kisten w\u00f6chentlich oder 2 w\u00f6chentlich zu abonnieren. <br>Wie es f\u00fcr dich am Besten passt. <\/p>\n\n\n\n<p class=\"has-text-align-center has-black-color has-text-color has-link-color wp-elements-469f1f311f4e113c6ef2be8fd3126e50\">So k\u00f6nnte dein Biokisterl aussehen<\/p>\n\n\n\n<figure class=\"wp-block-gallery has-nested-images columns-default is-cropped wp-block-gallery-1 is-layout-flex wp-block-gallery-is-layout-flex\">\n<figure class=\"wp-block-image size-full\"><img decoding=\"async\" data-id=\"185\" src=\"https:\/\/biohof-sonnleiten.at\/wp-content\/uploads\/2024\/11\/Gemuese-27.jpg\" alt=\"\" class=\"wp-image-185\"\/><\/figure>\n\n\n\n<figure class=\"wp-block-image size-full\"><img decoding=\"async\" data-id=\"189\" src=\"https:\/\/biohof-sonnleiten.at\/wp-content\/uploads\/2024\/11\/Gemuesekiste.jpg\" alt=\"\" class=\"wp-image-189\"\/><\/figure>\n<\/figure>\n\n\n\n<p><\/p>\n\n\n\n<p class=\"has-text-align-center has-black-color has-text-color has-link-color wp-elements-c2bc9baf1741f700f5d2fb85f331404b\">Wenn ihr unser Gem\u00fcse einfach einmal probieren wollt, kommt uns doch am Scheibbser Wochenmarkt besuchen. Immer Freitags von 08:00 &#8211; 12:00 Uhr<br><\/p>\n\n\n\n<figure class=\"wp-block-image size-large\"><img loading=\"lazy\" decoding=\"async\" width=\"1024\" height=\"768\" src=\"https:\/\/biohof-sonnleiten.at\/wp-content\/uploads\/2024\/11\/Gemuesekiste-2-1024x768.jpg\" alt=\"\" class=\"wp-image-191\" srcset=\"https:\/\/biohof-sonnleiten.at\/wp-content\/uploads\/2024\/11\/Gemuesekiste-2-1024x768.jpg 1024w, https:\/\/biohof-sonnleiten.at\/wp-content\/uploads\/2024\/11\/Gemuesekiste-2-300x225.jpg 300w, https:\/\/biohof-sonnleiten.at\/wp-content\/uploads\/2024\/11\/Gemuesekiste-2-768x576.jpg 768w, https:\/\/biohof-sonnleiten.at\/wp-content\/uploads\/2024\/11\/Gemuesekiste-2-1536x1152.jpg 1536w, https:\/\/biohof-sonnleiten.at\/wp-content\/uploads\/2024\/11\/Gemuesekiste-2-2048x1536.jpg 2048w\" sizes=\"auto, (max-width: 1024px) 100vw, 1024px\" \/><\/figure>\n\n\n\n<p class=\"has-text-align-center has-black-color has-text-color has-link-color wp-elements-9cef4a5b3a0e733881c8e637d05d0b0e\"><strong>Melde dich hier f\u00fcr dein Bio-Gem\u00fcsekisterl an!<\/strong><\/p>\n\n\n<div class=\"wpforms-container wpforms-container-full wpforms-block wpforms-block-1bbef0db-4ed5-48ab-96f3-53852a4a09e6\" id=\"wpforms-41\"><form id=\"wpforms-form-41\" class=\"wpforms-validate wpforms-form wpforms-ajax-form\" data-formid=\"41\" method=\"post\" enctype=\"multipart\/form-data\" action=\"\/index.php?rest_route=%2Fwp%2Fv2%2Fpages%2F30\" data-token=\"48ef709221f0837b2229c3388e83c863\" data-token-time=\"1778957856\"><noscript class=\"wpforms-error-noscript\">Bitte aktiviere JavaScript in deinem Browser, um dieses Formular fertigzustellen.<\/noscript><div class=\"wpforms-field-container\"><div id=\"wpforms-41-field_1-container\" class=\"wpforms-field wpforms-field-text\" data-field-id=\"1\"><label class=\"wpforms-field-label\" for=\"wpforms-41-field_1\">Name <span class=\"wpforms-required-label\">*<\/span><\/label><input type=\"text\" id=\"wpforms-41-field_1\" class=\"wpforms-field-medium wpforms-field-required\" name=\"wpforms[fields][1]\" required><div class=\"wpforms-field-description\">Vor- Nachname<\/div><\/div><div id=\"wpforms-41-field_2-container\" class=\"wpforms-field wpforms-field-text\" data-field-id=\"2\"><label class=\"wpforms-field-label\" for=\"wpforms-41-field_2\">Wohnadresse <span class=\"wpforms-required-label\">*<\/span><\/label><input type=\"text\" id=\"wpforms-41-field_2\" class=\"wpforms-field-medium wpforms-field-required\" name=\"wpforms[fields][2]\" required><div class=\"wpforms-field-description\">Ort \/ PLZ \/ Stra\u00dfe<\/div><\/div><div id=\"wpforms-41-field_3-container\" class=\"wpforms-field wpforms-field-text\" data-field-id=\"3\"><label class=\"wpforms-field-label\" for=\"wpforms-41-field_3\">Telefonnummer <span class=\"wpforms-required-label\">*<\/span><\/label><input type=\"text\" id=\"wpforms-41-field_3\" class=\"wpforms-field-medium wpforms-field-required\" name=\"wpforms[fields][3]\" required><\/div><div id=\"wpforms-41-field_8-container\" class=\"wpforms-field wpforms-field-email\" data-field-id=\"8\"><label class=\"wpforms-field-label\" for=\"wpforms-41-field_8\">E-Mail <span class=\"wpforms-required-label\">*<\/span><\/label><div class=\"wpforms-field-row wpforms-field-medium\"><div class=\"wpforms-field-row-block wpforms-one-half wpforms-first\"><input type=\"email\" id=\"wpforms-41-field_8\" class=\"wpforms-field-required wpforms-field-email-primary\" name=\"wpforms[fields][8][primary]\" spellcheck=\"false\" required><label for=\"wpforms-41-field_8\" class=\"wpforms-field-sublabel after\">E-Mail-Adresse<\/label><\/div><div class=\"wpforms-field-row-block wpforms-one-half\"><input type=\"email\" id=\"wpforms-41-field_8-secondary\" class=\"wpforms-field-email-secondary wpforms-field-required\" data-rule-confirm=\"#wpforms-41-field_8\" name=\"wpforms[fields][8][secondary]\" spellcheck=\"false\" required><label for=\"wpforms-41-field_8-secondary\" class=\"wpforms-field-sublabel after\">E-Mail best\u00e4tigen<\/label><\/div><\/div><\/div><div id=\"wpforms-41-field_5-container\" class=\"wpforms-field wpforms-field-radio\" data-field-id=\"5\"><label class=\"wpforms-field-label\">Gem\u00fcsekisten <span class=\"wpforms-required-label\">*<\/span><\/label><ul id=\"wpforms-41-field_5\" class=\"wpforms-field-required\"><li class=\"choice-1 depth-1\"><input type=\"radio\" id=\"wpforms-41-field_5_1\" name=\"wpforms[fields][5]\" value=\"jede Woche\" required ><label class=\"wpforms-field-label-inline\" for=\"wpforms-41-field_5_1\">jede Woche<\/label><\/li><li class=\"choice-2 depth-1\"><input type=\"radio\" id=\"wpforms-41-field_5_2\" name=\"wpforms[fields][5]\" value=\"jede zweite Woche\" required ><label class=\"wpforms-field-label-inline\" for=\"wpforms-41-field_5_2\">jede zweite Woche<\/label><\/li><\/ul><div class=\"wpforms-field-description\">Wie oft willst du deine Gem\u00fcsekiste?<\/div><\/div><div id=\"wpforms-41-field_7-container\" class=\"wpforms-field wpforms-field-radio\" data-field-id=\"7\"><label class=\"wpforms-field-label\">Abholort Gem\u00fcsekiste <span class=\"wpforms-required-label\">*<\/span><\/label><ul id=\"wpforms-41-field_7\" class=\"wpforms-field-required\"><li class=\"choice-1 depth-1\"><input type=\"radio\" id=\"wpforms-41-field_7_1\" name=\"wpforms[fields][7]\" value=\"Gresten\" required ><label class=\"wpforms-field-label-inline\" for=\"wpforms-41-field_7_1\">Gresten<\/label><\/li><li class=\"choice-2 depth-1\"><input type=\"radio\" id=\"wpforms-41-field_7_2\" name=\"wpforms[fields][7]\" value=\"Scheibbs\" required ><label class=\"wpforms-field-label-inline\" for=\"wpforms-41-field_7_2\">Scheibbs<\/label><\/li><li class=\"choice-3 depth-1\"><input type=\"radio\" id=\"wpforms-41-field_7_3\" name=\"wpforms[fields][7]\" value=\"Ybbsitz\" required ><label class=\"wpforms-field-label-inline\" for=\"wpforms-41-field_7_3\">Ybbsitz<\/label><\/li><li class=\"choice-4 depth-1\"><input type=\"radio\" id=\"wpforms-41-field_7_4\" name=\"wpforms[fields][7]\" value=\"Gaming\" required ><label class=\"wpforms-field-label-inline\" for=\"wpforms-41-field_7_4\">Gaming<\/label><\/li><\/ul><\/div><div id=\"wpforms-41-field_10-container\" class=\"wpforms-field wpforms-field-textarea\" data-field-id=\"10\"><label class=\"wpforms-field-label\" for=\"wpforms-41-field_10\">Sonstige Mitteilungen<\/label><textarea id=\"wpforms-41-field_10\" class=\"wpforms-field-medium\" name=\"wpforms[fields][10]\" ><\/textarea><\/div><div id=\"wpforms-41-field_11-container\" class=\"wpforms-field wpforms-field-gdpr-checkbox\" data-field-id=\"11\"><label class=\"wpforms-field-label\">DSGVO-Einverst\u00e4ndnis <span class=\"wpforms-required-label\">*<\/span><\/label><ul id=\"wpforms-41-field_11\" class=\"wpforms-field-required\"><li class=\"choice-1\"><input type=\"checkbox\" id=\"wpforms-41-field_11_1\" name=\"wpforms[fields][11][]\" value=\"Ich willige ein, dass diese Website meine \u00fcbermittelten Informationen speichert, sodass meine Anfrage beantwortet werden kann.\" required ><label class=\"wpforms-field-label-inline\" for=\"wpforms-41-field_11_1\">Ich willige ein, dass diese Website meine \u00fcbermittelten Informationen speichert, sodass meine Anfrage beantwortet werden kann.<\/label><\/li><\/ul><\/div><\/div><!-- .wpforms-field-container --><div class=\"wpforms-recaptcha-container wpforms-is-hcaptcha\" ><div class=\"g-recaptcha\" data-sitekey=\"11d62b36-1e9d-4ea6-a3fa-7e8aaa656ba7\"><\/div><input type=\"text\" name=\"g-recaptcha-hidden\" class=\"wpforms-recaptcha-hidden\" style=\"position:absolute!important;clip:rect(0,0,0,0)!important;height:1px!important;width:1px!important;border:0!important;overflow:hidden!important;padding:0!important;margin:0!important;\" data-rule-hcaptcha=\"1\"><\/div><div class=\"wpforms-submit-container\" ><input type=\"hidden\" name=\"wpforms[id]\" value=\"41\"><input type=\"hidden\" name=\"page_title\" value=\"\"><input type=\"hidden\" name=\"page_url\" value=\"https:\/\/biohof-sonnleiten.at\/index.php?rest_route=%2Fwp%2Fv2%2Fpages%2F30\"><button type=\"submit\" name=\"wpforms[submit]\" id=\"wpforms-submit-41\" class=\"wpforms-submit\" data-alt-text=\"Senden\u2026\" data-submit-text=\"Absenden\" aria-live=\"assertive\" value=\"wpforms-submit\">Absenden<\/button><img loading=\"lazy\" decoding=\"async\" src=\"https:\/\/biohof-sonnleiten.at\/wp-content\/plugins\/wpforms-lite\/assets\/images\/submit-spin.svg\" class=\"wpforms-submit-spinner\" style=\"display: none;\" width=\"26\" height=\"26\" alt=\"Wird geladen\"><\/div><\/form><\/div>  <!-- .wpforms-container -->","protected":false},"excerpt":{"rendered":"<p>Wir bieten unsere Gem\u00fcsekisten von Anfang Mai bis Anfang Dezember an. Die Kisten werden von uns zusammengestellt und beinhalten immer zwischen 7 und 10 verschiedene Gem\u00fcsesorten. Rein kommt was gerade Saison hat. Dienstag mittags werden die Kisten von uns ausgeliefert und zwar an 4 Abholorte: Gresten &#8211; Ybbsitz &#8211; Gaming &#8211; Scheibbs m\u00f6gliche Abholorte w\u00e4ren bei Bedarf auch Waidhofen oder Purgstall. Es gibt die M\u00f6glichkeit die Kisten w\u00f6chentlich oder 2 w\u00f6chentlich zu abonnieren. Wie es f\u00fcr dich am Besten passt. So k\u00f6nnte dein Biokisterl aussehen Wenn ihr unser Gem\u00fcse einfach einmal probieren wollt, kommt uns doch am Scheibbser Wochenmarkt besuchen&#8230;. <\/p>\n","protected":false},"author":1,"featured_media":203,"parent":0,"menu_order":0,"comment_status":"closed","ping_status":"closed","template":"","meta":{"iawp_total_views":1052,"footnotes":""},"class_list":["post-30","page","type-page","status-publish","has-post-thumbnail","hentry"],"yoast_head":"<!-- This site is optimized with the Yoast SEO plugin v23.7 - https:\/\/yoast.com\/wordpress\/plugins\/seo\/ -->\n<title>Gem\u00fcsekiste - Biohof Sonnleiten<\/title>\n<meta name=\"robots\" content=\"index, follow, max-snippet:-1, max-image-preview:large, max-video-preview:-1\" \/>\n<link rel=\"canonical\" href=\"https:\/\/biohof-sonnleiten.at\/?page_id=30\" \/>\n<meta property=\"og:locale\" content=\"de_DE\" \/>\n<meta property=\"og:type\" content=\"article\" \/>\n<meta property=\"og:title\" content=\"Gem\u00fcsekiste - Biohof Sonnleiten\" \/>\n<meta property=\"og:description\" content=\"Wir bieten unsere Gem\u00fcsekisten von Anfang Mai bis Anfang Dezember an. Die Kisten werden von uns zusammengestellt und beinhalten immer zwischen 7 und 10 verschiedene Gem\u00fcsesorten. Rein kommt was gerade Saison hat. Dienstag mittags werden die Kisten von uns ausgeliefert und zwar an 4 Abholorte: Gresten &#8211; Ybbsitz &#8211; Gaming &#8211; Scheibbs m\u00f6gliche Abholorte w\u00e4ren bei Bedarf auch Waidhofen oder Purgstall. Es gibt die M\u00f6glichkeit die Kisten w\u00f6chentlich oder 2 w\u00f6chentlich zu abonnieren. Wie es f\u00fcr dich am Besten passt. So k\u00f6nnte dein Biokisterl aussehen Wenn ihr unser Gem\u00fcse einfach einmal probieren wollt, kommt uns doch am Scheibbser Wochenmarkt besuchen....\" \/>\n<meta property=\"og:url\" content=\"https:\/\/biohof-sonnleiten.at\/?page_id=30\" \/>\n<meta property=\"og:site_name\" content=\"Biohof Sonnleiten\" \/>\n<meta property=\"article:modified_time\" content=\"2024-11-02T15:19:48+00:00\" \/>\n<meta property=\"og:image\" content=\"https:\/\/biohof-sonnleiten.at\/wp-content\/uploads\/2024\/11\/Tomaten-1-scaled.jpg\" \/>\n\t<meta property=\"og:image:width\" content=\"2560\" \/>\n\t<meta property=\"og:image:height\" content=\"1707\" \/>\n\t<meta property=\"og:image:type\" content=\"image\/jpeg\" \/>\n<meta name=\"twitter:card\" content=\"summary_large_image\" \/>\n<meta name=\"twitter:label1\" content=\"Gesch\u00e4tzte Lesezeit\" \/>\n\t<meta name=\"twitter:data1\" content=\"2\u00a0Minuten\" \/>\n<script type=\"application\/ld+json\" class=\"yoast-schema-graph\">{\"@context\":\"https:\/\/schema.org\",\"@graph\":[{\"@type\":\"WebPage\",\"@id\":\"https:\/\/biohof-sonnleiten.at\/?page_id=30\",\"url\":\"https:\/\/biohof-sonnleiten.at\/?page_id=30\",\"name\":\"Gem\u00fcsekiste - Biohof Sonnleiten\",\"isPartOf\":{\"@id\":\"https:\/\/biohof-sonnleiten.at\/#website\"},\"primaryImageOfPage\":{\"@id\":\"https:\/\/biohof-sonnleiten.at\/?page_id=30#primaryimage\"},\"image\":{\"@id\":\"https:\/\/biohof-sonnleiten.at\/?page_id=30#primaryimage\"},\"thumbnailUrl\":\"https:\/\/biohof-sonnleiten.at\/wp-content\/uploads\/2024\/11\/Tomaten-1-scaled.jpg\",\"datePublished\":\"2023-02-04T13:32:05+00:00\",\"dateModified\":\"2024-11-02T15:19:48+00:00\",\"breadcrumb\":{\"@id\":\"https:\/\/biohof-sonnleiten.at\/?page_id=30#breadcrumb\"},\"inLanguage\":\"de\",\"potentialAction\":[{\"@type\":\"ReadAction\",\"target\":[\"https:\/\/biohof-sonnleiten.at\/?page_id=30\"]}]},{\"@type\":\"ImageObject\",\"inLanguage\":\"de\",\"@id\":\"https:\/\/biohof-sonnleiten.at\/?page_id=30#primaryimage\",\"url\":\"https:\/\/biohof-sonnleiten.at\/wp-content\/uploads\/2024\/11\/Tomaten-1-scaled.jpg\",\"contentUrl\":\"https:\/\/biohof-sonnleiten.at\/wp-content\/uploads\/2024\/11\/Tomaten-1-scaled.jpg\",\"width\":2560,\"height\":1707},{\"@type\":\"BreadcrumbList\",\"@id\":\"https:\/\/biohof-sonnleiten.at\/?page_id=30#breadcrumb\",\"itemListElement\":[{\"@type\":\"ListItem\",\"position\":1,\"name\":\"Startseite\",\"item\":\"https:\/\/biohof-sonnleiten.at\/\"},{\"@type\":\"ListItem\",\"position\":2,\"name\":\"Gem\u00fcsekiste\"}]},{\"@type\":\"WebSite\",\"@id\":\"https:\/\/biohof-sonnleiten.at\/#website\",\"url\":\"https:\/\/biohof-sonnleiten.at\/\",\"name\":\"Biohof Sonnleiten\",\"description\":\"Artgerechte Gem\u00fcsehaltung\",\"publisher\":{\"@id\":\"https:\/\/biohof-sonnleiten.at\/#organization\"},\"alternateName\":\"Gem\u00fcsehof Sonnleiten\",\"potentialAction\":[{\"@type\":\"SearchAction\",\"target\":{\"@type\":\"EntryPoint\",\"urlTemplate\":\"https:\/\/biohof-sonnleiten.at\/?s={search_term_string}\"},\"query-input\":{\"@type\":\"PropertyValueSpecification\",\"valueRequired\":true,\"valueName\":\"search_term_string\"}}],\"inLanguage\":\"de\"},{\"@type\":\"Organization\",\"@id\":\"https:\/\/biohof-sonnleiten.at\/#organization\",\"name\":\"Biohof-Sonnleiten\",\"alternateName\":\"Gem\u00fcsehof Sonnleiten\",\"url\":\"https:\/\/biohof-sonnleiten.at\/\",\"logo\":{\"@type\":\"ImageObject\",\"inLanguage\":\"de\",\"@id\":\"https:\/\/biohof-sonnleiten.at\/#\/schema\/logo\/image\/\",\"url\":\"https:\/\/biohof-sonnleiten.at\/wp-content\/uploads\/2023\/02\/Logo-Sonnleiten.png\",\"contentUrl\":\"https:\/\/biohof-sonnleiten.at\/wp-content\/uploads\/2023\/02\/Logo-Sonnleiten.png\",\"width\":2732,\"height\":2048,\"caption\":\"Biohof-Sonnleiten\"},\"image\":{\"@id\":\"https:\/\/biohof-sonnleiten.at\/#\/schema\/logo\/image\/\"}}]}<\/script>\n<!-- \/ Yoast SEO plugin. -->","yoast_head_json":{"title":"Gem\u00fcsekiste - Biohof Sonnleiten","robots":{"index":"index","follow":"follow","max-snippet":"max-snippet:-1","max-image-preview":"max-image-preview:large","max-video-preview":"max-video-preview:-1"},"canonical":"https:\/\/biohof-sonnleiten.at\/?page_id=30","og_locale":"de_DE","og_type":"article","og_title":"Gem\u00fcsekiste - Biohof Sonnleiten","og_description":"Wir bieten unsere Gem\u00fcsekisten von Anfang Mai bis Anfang Dezember an. Die Kisten werden von uns zusammengestellt und beinhalten immer zwischen 7 und 10 verschiedene Gem\u00fcsesorten. Rein kommt was gerade Saison hat. Dienstag mittags werden die Kisten von uns ausgeliefert und zwar an 4 Abholorte: Gresten &#8211; Ybbsitz &#8211; Gaming &#8211; Scheibbs m\u00f6gliche Abholorte w\u00e4ren bei Bedarf auch Waidhofen oder Purgstall. Es gibt die M\u00f6glichkeit die Kisten w\u00f6chentlich oder 2 w\u00f6chentlich zu abonnieren. Wie es f\u00fcr dich am Besten passt. So k\u00f6nnte dein Biokisterl aussehen Wenn ihr unser Gem\u00fcse einfach einmal probieren wollt, kommt uns doch am Scheibbser Wochenmarkt besuchen....","og_url":"https:\/\/biohof-sonnleiten.at\/?page_id=30","og_site_name":"Biohof Sonnleiten","article_modified_time":"2024-11-02T15:19:48+00:00","og_image":[{"width":2560,"height":1707,"url":"https:\/\/biohof-sonnleiten.at\/wp-content\/uploads\/2024\/11\/Tomaten-1-scaled.jpg","type":"image\/jpeg"}],"twitter_card":"summary_large_image","twitter_misc":{"Gesch\u00e4tzte Lesezeit":"2\u00a0Minuten"},"schema":{"@context":"https:\/\/schema.org","@graph":[{"@type":"WebPage","@id":"https:\/\/biohof-sonnleiten.at\/?page_id=30","url":"https:\/\/biohof-sonnleiten.at\/?page_id=30","name":"Gem\u00fcsekiste - Biohof Sonnleiten","isPartOf":{"@id":"https:\/\/biohof-sonnleiten.at\/#website"},"primaryImageOfPage":{"@id":"https:\/\/biohof-sonnleiten.at\/?page_id=30#primaryimage"},"image":{"@id":"https:\/\/biohof-sonnleiten.at\/?page_id=30#primaryimage"},"thumbnailUrl":"https:\/\/biohof-sonnleiten.at\/wp-content\/uploads\/2024\/11\/Tomaten-1-scaled.jpg","datePublished":"2023-02-04T13:32:05+00:00","dateModified":"2024-11-02T15:19:48+00:00","breadcrumb":{"@id":"https:\/\/biohof-sonnleiten.at\/?page_id=30#breadcrumb"},"inLanguage":"de","potentialAction":[{"@type":"ReadAction","target":["https:\/\/biohof-sonnleiten.at\/?page_id=30"]}]},{"@type":"ImageObject","inLanguage":"de","@id":"https:\/\/biohof-sonnleiten.at\/?page_id=30#primaryimage","url":"https:\/\/biohof-sonnleiten.at\/wp-content\/uploads\/2024\/11\/Tomaten-1-scaled.jpg","contentUrl":"https:\/\/biohof-sonnleiten.at\/wp-content\/uploads\/2024\/11\/Tomaten-1-scaled.jpg","width":2560,"height":1707},{"@type":"BreadcrumbList","@id":"https:\/\/biohof-sonnleiten.at\/?page_id=30#breadcrumb","itemListElement":[{"@type":"ListItem","position":1,"name":"Startseite","item":"https:\/\/biohof-sonnleiten.at\/"},{"@type":"ListItem","position":2,"name":"Gem\u00fcsekiste"}]},{"@type":"WebSite","@id":"https:\/\/biohof-sonnleiten.at\/#website","url":"https:\/\/biohof-sonnleiten.at\/","name":"Biohof Sonnleiten","description":"Artgerechte Gem\u00fcsehaltung","publisher":{"@id":"https:\/\/biohof-sonnleiten.at\/#organization"},"alternateName":"Gem\u00fcsehof Sonnleiten","potentialAction":[{"@type":"SearchAction","target":{"@type":"EntryPoint","urlTemplate":"https:\/\/biohof-sonnleiten.at\/?s={search_term_string}"},"query-input":{"@type":"PropertyValueSpecification","valueRequired":true,"valueName":"search_term_string"}}],"inLanguage":"de"},{"@type":"Organization","@id":"https:\/\/biohof-sonnleiten.at\/#organization","name":"Biohof-Sonnleiten","alternateName":"Gem\u00fcsehof Sonnleiten","url":"https:\/\/biohof-sonnleiten.at\/","logo":{"@type":"ImageObject","inLanguage":"de","@id":"https:\/\/biohof-sonnleiten.at\/#\/schema\/logo\/image\/","url":"https:\/\/biohof-sonnleiten.at\/wp-content\/uploads\/2023\/02\/Logo-Sonnleiten.png","contentUrl":"https:\/\/biohof-sonnleiten.at\/wp-content\/uploads\/2023\/02\/Logo-Sonnleiten.png","width":2732,"height":2048,"caption":"Biohof-Sonnleiten"},"image":{"@id":"https:\/\/biohof-sonnleiten.at\/#\/schema\/logo\/image\/"}}]}},"_links":{"self":[{"href":"https:\/\/biohof-sonnleiten.at\/index.php?rest_route=\/wp\/v2\/pages\/30","targetHints":{"allow":["GET"]}}],"collection":[{"href":"https:\/\/biohof-sonnleiten.at\/index.php?rest_route=\/wp\/v2\/pages"}],"about":[{"href":"https:\/\/biohof-sonnleiten.at\/index.php?rest_route=\/wp\/v2\/types\/page"}],"author":[{"embeddable":true,"href":"https:\/\/biohof-sonnleiten.at\/index.php?rest_route=\/wp\/v2\/users\/1"}],"replies":[{"embeddable":true,"href":"https:\/\/biohof-sonnleiten.at\/index.php?rest_route=%2Fwp%2Fv2%2Fcomments&post=30"}],"version-history":[{"count":17,"href":"https:\/\/biohof-sonnleiten.at\/index.php?rest_route=\/wp\/v2\/pages\/30\/revisions"}],"predecessor-version":[{"id":197,"href":"https:\/\/biohof-sonnleiten.at\/index.php?rest_route=\/wp\/v2\/pages\/30\/revisions\/197"}],"wp:featuredmedia":[{"embeddable":true,"href":"https:\/\/biohof-sonnleiten.at\/index.php?rest_route=\/wp\/v2\/media\/203"}],"wp:attachment":[{"href":"https:\/\/biohof-sonnleiten.at\/index.php?rest_route=%2Fwp%2Fv2%2Fmedia&parent=30"}],"curies":[{"name":"wp","href":"https:\/\/api.w.org\/{rel}","templated":true}]}}