{"id":151,"date":"2024-04-17T16:03:03","date_gmt":"2024-04-17T16:03:03","guid":{"rendered":"https:\/\/biohof-sonnleiten.at\/?page_id=151"},"modified":"2024-11-02T18:57:26","modified_gmt":"2024-11-02T18:57:26","slug":"saisonal","status":"publish","type":"page","link":"https:\/\/biohof-sonnleiten.at\/?page_id=151","title":{"rendered":"Saisonal"},"content":{"rendered":"\n<p class=\"has-text-align-center\">Wir legen sehr viel Wert darauf, die naturgegebenen, jahreszeitlichen Bedingungen unserer Heimat anzunehmen und zu nutzen. Kein Zukauf, kein Import: in unseren Gem\u00fcsekisten findet Ihr nur das, was auch tats\u00e4chlich zu dieser Jahreszeit bei uns w\u00e4chst.&nbsp;&nbsp;<\/p>\n","protected":false},"excerpt":{"rendered":"<p>Wir legen sehr viel Wert darauf, die naturgegebenen, jahreszeitlichen Bedingungen unserer Heimat anzunehmen und zu nutzen. Kein Zukauf, kein Import: in unseren Gem\u00fcsekisten findet Ihr nur das, was auch tats\u00e4chlich zu dieser Jahreszeit bei uns w\u00e4chst.&nbsp;&nbsp;<\/p>\n","protected":false},"author":1,"featured_media":0,"parent":0,"menu_order":0,"comment_status":"closed","ping_status":"closed","template":"","meta":{"iawp_total_views":66,"footnotes":""},"class_list":["post-151","page","type-page","status-publish","hentry"],"yoast_head":"<!-- This site is optimized with the Yoast SEO plugin v23.7 - https:\/\/yoast.com\/wordpress\/plugins\/seo\/ -->\n<title>Saisonal - Biohof Sonnleiten<\/title>\n<meta name=\"robots\" content=\"index, follow, max-snippet:-1, max-image-preview:large, max-video-preview:-1\" \/>\n<link rel=\"canonical\" href=\"https:\/\/biohof-sonnleiten.at\/?page_id=151\" \/>\n<meta property=\"og:locale\" content=\"de_DE\" \/>\n<meta property=\"og:type\" content=\"article\" \/>\n<meta property=\"og:title\" content=\"Saisonal - Biohof Sonnleiten\" \/>\n<meta property=\"og:description\" content=\"Wir legen sehr viel Wert darauf, die naturgegebenen, jahreszeitlichen Bedingungen unserer Heimat anzunehmen und zu nutzen. Kein Zukauf, kein Import: in unseren Gem\u00fcsekisten findet Ihr nur das, was auch tats\u00e4chlich zu dieser Jahreszeit bei uns w\u00e4chst.&nbsp;&nbsp;\" \/>\n<meta property=\"og:url\" content=\"https:\/\/biohof-sonnleiten.at\/?page_id=151\" \/>\n<meta property=\"og:site_name\" content=\"Biohof Sonnleiten\" \/>\n<meta property=\"article:modified_time\" content=\"2024-11-02T18:57:26+00:00\" \/>\n<meta property=\"og:image\" content=\"https:\/\/biohof-sonnleiten.at\/wp-content\/uploads\/2023\/02\/Logo-Sonnleiten.png\" \/>\n\t<meta property=\"og:image:width\" content=\"2732\" \/>\n\t<meta property=\"og:image:height\" content=\"2048\" \/>\n\t<meta property=\"og:image:type\" content=\"image\/png\" \/>\n<meta name=\"twitter:card\" content=\"summary_large_image\" \/>\n<meta name=\"twitter:label1\" content=\"Gesch\u00e4tzte Lesezeit\" \/>\n\t<meta name=\"twitter:data1\" content=\"1\u00a0Minute\" \/>\n<script type=\"application\/ld+json\" class=\"yoast-schema-graph\">{\"@context\":\"https:\/\/schema.org\",\"@graph\":[{\"@type\":\"WebPage\",\"@id\":\"https:\/\/biohof-sonnleiten.at\/?page_id=151\",\"url\":\"https:\/\/biohof-sonnleiten.at\/?page_id=151\",\"name\":\"Saisonal - Biohof Sonnleiten\",\"isPartOf\":{\"@id\":\"https:\/\/biohof-sonnleiten.at\/#website\"},\"datePublished\":\"2024-04-17T16:03:03+00:00\",\"dateModified\":\"2024-11-02T18:57:26+00:00\",\"breadcrumb\":{\"@id\":\"https:\/\/biohof-sonnleiten.at\/?page_id=151#breadcrumb\"},\"inLanguage\":\"de\",\"potentialAction\":[{\"@type\":\"ReadAction\",\"target\":[\"https:\/\/biohof-sonnleiten.at\/?page_id=151\"]}]},{\"@type\":\"BreadcrumbList\",\"@id\":\"https:\/\/biohof-sonnleiten.at\/?page_id=151#breadcrumb\",\"itemListElement\":[{\"@type\":\"ListItem\",\"position\":1,\"name\":\"Startseite\",\"item\":\"https:\/\/biohof-sonnleiten.at\/\"},{\"@type\":\"ListItem\",\"position\":2,\"name\":\"Saisonal\"}]},{\"@type\":\"WebSite\",\"@id\":\"https:\/\/biohof-sonnleiten.at\/#website\",\"url\":\"https:\/\/biohof-sonnleiten.at\/\",\"name\":\"Biohof Sonnleiten\",\"description\":\"Artgerechte Gem\u00fcsehaltung\",\"publisher\":{\"@id\":\"https:\/\/biohof-sonnleiten.at\/#organization\"},\"alternateName\":\"Gem\u00fcsehof Sonnleiten\",\"potentialAction\":[{\"@type\":\"SearchAction\",\"target\":{\"@type\":\"EntryPoint\",\"urlTemplate\":\"https:\/\/biohof-sonnleiten.at\/?s={search_term_string}\"},\"query-input\":{\"@type\":\"PropertyValueSpecification\",\"valueRequired\":true,\"valueName\":\"search_term_string\"}}],\"inLanguage\":\"de\"},{\"@type\":\"Organization\",\"@id\":\"https:\/\/biohof-sonnleiten.at\/#organization\",\"name\":\"Biohof-Sonnleiten\",\"alternateName\":\"Gem\u00fcsehof Sonnleiten\",\"url\":\"https:\/\/biohof-sonnleiten.at\/\",\"logo\":{\"@type\":\"ImageObject\",\"inLanguage\":\"de\",\"@id\":\"https:\/\/biohof-sonnleiten.at\/#\/schema\/logo\/image\/\",\"url\":\"https:\/\/biohof-sonnleiten.at\/wp-content\/uploads\/2023\/02\/Logo-Sonnleiten.png\",\"contentUrl\":\"https:\/\/biohof-sonnleiten.at\/wp-content\/uploads\/2023\/02\/Logo-Sonnleiten.png\",\"width\":2732,\"height\":2048,\"caption\":\"Biohof-Sonnleiten\"},\"image\":{\"@id\":\"https:\/\/biohof-sonnleiten.at\/#\/schema\/logo\/image\/\"}}]}<\/script>\n<!-- \/ Yoast SEO plugin. -->","yoast_head_json":{"title":"Saisonal - Biohof Sonnleiten","robots":{"index":"index","follow":"follow","max-snippet":"max-snippet:-1","max-image-preview":"max-image-preview:large","max-video-preview":"max-video-preview:-1"},"canonical":"https:\/\/biohof-sonnleiten.at\/?page_id=151","og_locale":"de_DE","og_type":"article","og_title":"Saisonal - Biohof Sonnleiten","og_description":"Wir legen sehr viel Wert darauf, die naturgegebenen, jahreszeitlichen Bedingungen unserer Heimat anzunehmen und zu nutzen. Kein Zukauf, kein Import: in unseren Gem\u00fcsekisten findet Ihr nur das, was auch tats\u00e4chlich zu dieser Jahreszeit bei uns w\u00e4chst.&nbsp;&nbsp;","og_url":"https:\/\/biohof-sonnleiten.at\/?page_id=151","og_site_name":"Biohof Sonnleiten","article_modified_time":"2024-11-02T18:57:26+00:00","og_image":[{"width":2732,"height":2048,"url":"https:\/\/biohof-sonnleiten.at\/wp-content\/uploads\/2023\/02\/Logo-Sonnleiten.png","type":"image\/png"}],"twitter_card":"summary_large_image","twitter_misc":{"Gesch\u00e4tzte Lesezeit":"1\u00a0Minute"},"schema":{"@context":"https:\/\/schema.org","@graph":[{"@type":"WebPage","@id":"https:\/\/biohof-sonnleiten.at\/?page_id=151","url":"https:\/\/biohof-sonnleiten.at\/?page_id=151","name":"Saisonal - Biohof Sonnleiten","isPartOf":{"@id":"https:\/\/biohof-sonnleiten.at\/#website"},"datePublished":"2024-04-17T16:03:03+00:00","dateModified":"2024-11-02T18:57:26+00:00","breadcrumb":{"@id":"https:\/\/biohof-sonnleiten.at\/?page_id=151#breadcrumb"},"inLanguage":"de","potentialAction":[{"@type":"ReadAction","target":["https:\/\/biohof-sonnleiten.at\/?page_id=151"]}]},{"@type":"BreadcrumbList","@id":"https:\/\/biohof-sonnleiten.at\/?page_id=151#breadcrumb","itemListElement":[{"@type":"ListItem","position":1,"name":"Startseite","item":"https:\/\/biohof-sonnleiten.at\/"},{"@type":"ListItem","position":2,"name":"Saisonal"}]},{"@type":"WebSite","@id":"https:\/\/biohof-sonnleiten.at\/#website","url":"https:\/\/biohof-sonnleiten.at\/","name":"Biohof Sonnleiten","description":"Artgerechte Gem\u00fcsehaltung","publisher":{"@id":"https:\/\/biohof-sonnleiten.at\/#organization"},"alternateName":"Gem\u00fcsehof Sonnleiten","potentialAction":[{"@type":"SearchAction","target":{"@type":"EntryPoint","urlTemplate":"https:\/\/biohof-sonnleiten.at\/?s={search_term_string}"},"query-input":{"@type":"PropertyValueSpecification","valueRequired":true,"valueName":"search_term_string"}}],"inLanguage":"de"},{"@type":"Organization","@id":"https:\/\/biohof-sonnleiten.at\/#organization","name":"Biohof-Sonnleiten","alternateName":"Gem\u00fcsehof Sonnleiten","url":"https:\/\/biohof-sonnleiten.at\/","logo":{"@type":"ImageObject","inLanguage":"de","@id":"https:\/\/biohof-sonnleiten.at\/#\/schema\/logo\/image\/","url":"https:\/\/biohof-sonnleiten.at\/wp-content\/uploads\/2023\/02\/Logo-Sonnleiten.png","contentUrl":"https:\/\/biohof-sonnleiten.at\/wp-content\/uploads\/2023\/02\/Logo-Sonnleiten.png","width":2732,"height":2048,"caption":"Biohof-Sonnleiten"},"image":{"@id":"https:\/\/biohof-sonnleiten.at\/#\/schema\/logo\/image\/"}}]}},"_links":{"self":[{"href":"https:\/\/biohof-sonnleiten.at\/index.php?rest_route=\/wp\/v2\/pages\/151","targetHints":{"allow":["GET"]}}],"collection":[{"href":"https:\/\/biohof-sonnleiten.at\/index.php?rest_route=\/wp\/v2\/pages"}],"about":[{"href":"https:\/\/biohof-sonnleiten.at\/index.php?rest_route=\/wp\/v2\/types\/page"}],"author":[{"embeddable":true,"href":"https:\/\/biohof-sonnleiten.at\/index.php?rest_route=\/wp\/v2\/users\/1"}],"replies":[{"embeddable":true,"href":"https:\/\/biohof-sonnleiten.at\/index.php?rest_route=%2Fwp%2Fv2%2Fcomments&post=151"}],"version-history":[{"count":2,"href":"https:\/\/biohof-sonnleiten.at\/index.php?rest_route=\/wp\/v2\/pages\/151\/revisions"}],"predecessor-version":[{"id":252,"href":"https:\/\/biohof-sonnleiten.at\/index.php?rest_route=\/wp\/v2\/pages\/151\/revisions\/252"}],"wp:attachment":[{"href":"https:\/\/biohof-sonnleiten.at\/index.php?rest_route=%2Fwp%2Fv2%2Fmedia&parent=151"}],"curies":[{"name":"wp","href":"https:\/\/api.w.org\/{rel}","templated":true}]}}